{"id":134,"date":"2020-06-14T08:57:12","date_gmt":"2020-06-14T08:57:12","guid":{"rendered":"https:\/\/audionightevent.ch\/?page_id=134"},"modified":"2020-08-27T03:18:20","modified_gmt":"2020-08-27T03:18:20","slug":"home-services","status":"publish","type":"page","link":"https:\/\/audionightevent.ch\/index.php\/home-services\/","title":{"rendered":"HOME SERVICES"},"content":{"rendered":"<p><section class=\"kc-elm kc-css-710420 kc_row\"><div class=\"kc-row-container  kc-container\"><div class=\"kc-wrap-columns\"><div class=\"kc-elm kc-css-960881 kc_col-sm-12 kc_column kc_col-sm-12\"><div class=\"kc-col-container\"><div class=\"kc-elm kc-css-713029 kc_text_block\"><\/p>\n<p style=\"text-align: center;\">AUDIO NIGHT EVENT assure les prestations de services en sonorisation, \u00e9clairage, vid\u00e9o, animation, DJ, musiciens et autres activit\u00e9s de l\u2019\u00e9v\u00e9nementiel.<\/p>\n<p style=\"text-align: center;\">Nous disposons \u00e9galement de de salles pour divers \u00e9v\u00e9nements priv\u00e9s, photographes, services traiteur ainsi que de valet de car pour ramener les clients avec leur voitures.<\/p>\n<p>\n<\/div><\/div><\/div><\/div><\/div><\/section><section class=\"kc-elm kc-css-62317 kc_row\"><div class=\"kc-row-container  kc-container\"><div class=\"kc-wrap-columns\"><div class=\"kc-elm kc-css-505774 kc_col-sm-12 kc_column kc_col-sm-12\"><div class=\"kc-col-container\"><div class=\"kc-elm kc-css-42215\" style=\"height: 51px; clear: both; width:100%;\"><\/div><\/div><\/div><\/div><\/div><\/section><section class=\"kc-elm kc-css-420966 kc_row\"><div class=\"kc-row-container  kc-container\"><div class=\"kc-wrap-columns\"><div class=\"kc-elm kc-css-814417 kc_col-sm-4 kc_column kc_col-sm-4\"><div class=\"kc-col-container\"><div class=\"kc-elm kc-css-620116 kc-feature-boxes kc-fb-layout-2\">\n\n\t<figure class=\"content-image\"><img decoding=\"async\" src=\"https:\/\/audionightevent.ch\/wp-content\/uploads\/2020\/06\/services.png\" alt=\"www.audionight.ch\"><\/figure>\n<\/div>\n<\/div><\/div><div class=\"kc-elm kc-css-761608 kc_col-sm-4 kc_column kc_col-sm-4\"><div class=\"kc-col-container\"><div class=\"kc-elm kc-css-259212 kc-feature-boxes kc-fb-layout-2\">\n\n\t<figure class=\"content-image\"><img decoding=\"async\" src=\"https:\/\/audionightevent.ch\/wp-content\/uploads\/2020\/06\/services_2.png\" alt=\"www.audionight.ch\"><\/figure>\n<\/div>\n<\/div><\/div><div class=\"kc-elm kc-css-262892 kc_col-sm-4 kc_column kc_col-sm-4\"><div class=\"kc-col-container\"><div class=\"kc-elm kc-css-254584 kc-feature-boxes kc-fb-layout-2\">\n\n\t<figure class=\"content-image\"><img decoding=\"async\" src=\"https:\/\/audionightevent.ch\/wp-content\/uploads\/2020\/06\/services_3.png\" alt=\"www.audionight.ch\"><\/figure>\n<\/div>\n<\/div><\/div><\/div><\/div><\/section><section class=\"kc-elm kc-css-791997 kc_row\"><div class=\"kc-row-container  kc-container\"><div class=\"kc-wrap-columns\"><div class=\"kc-elm kc-css-611654 kc_col-sm-12 kc_column kc_col-sm-12\"><div class=\"kc-col-container\"><div class=\"kc-elm kc-css-324853\" style=\"height: 65px; clear: both; width:100%;\"><\/div><\/div><\/div><\/div><\/div><\/section><section class=\"kc-elm kc-css-315749 kc_row\"><div class=\"kc-row-container  kc-container\"><div class=\"kc-wrap-columns\"><div class=\"kc-elm kc-css-739561 kc_col-sm-12 kc_column kc_col-sm-12\"><div class=\"kc-col-container\"><\/div><\/div><\/div><\/div><\/section><section class=\"kc-elm kc-css-449966 kc_row\"><div class=\"kc-row-container  kc-container\"><div class=\"kc-wrap-columns\"><div class=\"kc-elm kc-css-422519 kc_col-sm-2 kc_column kc_col-sm-2\"><div class=\"kc-col-container\"><div class=\"kc-elm kc-css-703167 kc-icon-wrapper\">\n\t\t<a href=\"https:\/\/www.facebook.com\/AUDIONIGHTEVENT\/\" target=\"_blank\" title=\"\">\n\t\t<i class=\"fab-facebook\"><\/i>\n\t\t<\/a>\n\t<\/div>\n<\/div><\/div><div class=\"kc-elm kc-css-791566 kc_col-sm-2 kc_column kc_col-sm-2\"><div class=\"kc-col-container\"><div class=\"kc-elm kc-css-724897 kc-icon-wrapper\">\n\t\t<a href=\"https:\/\/soundcloud.com\/paolomeli90\" target=\"_blank\" title=\"\">\n\t\t<i class=\"fab-soundcloud\"><\/i>\n\t\t<\/a>\n\t<\/div>\n<\/div><\/div><div class=\"kc-elm kc-css-752897 kc_col-sm-2 kc_column kc_col-sm-2\"><div class=\"kc-col-container\"><div class=\"kc-elm kc-css-36691 kc-icon-wrapper\">\n\t\t<a href=\"https:\/\/www.instagram.com\/audio_night_event\/?igshid=10738md6nzdpi\" target=\"_blank\" title=\"\">\n\t\t<i class=\"fab-instagram\"><\/i>\n\t\t<\/a>\n\t<\/div>\n<\/div><\/div><div class=\"kc-elm kc-css-912651 kc_col-sm-2 kc_column kc_col-sm-2\"><div class=\"kc-col-container\"><div class=\"kc-elm kc-css-81435 kc-icon-wrapper\">\n\t\t<a href=\"https:\/\/www.youtube.com\/channel\/UCALOThu-EoZ8Cv1yDgUE7WQ\" target=\"_blank\" title=\"\">\n\t\t<i class=\"fab-youtube\"><\/i>\n\t\t<\/a>\n\t<\/div>\n<\/div><\/div><div class=\"kc-elm kc-css-413309 kc_col-sm-2 kc_column kc_col-sm-2\"><div class=\"kc-col-container\"><div class=\"kc-elm kc-css-208520 kc-icon-wrapper\">\n\t\t<a href=\"https:\/\/www.mixcloud.com\/paolo-meli\/\" target=\"_blank\" title=\"\">\n\t\t<i class=\"fab-mixcloud\"><\/i>\n\t\t<\/a>\n\t<\/div>\n<\/div><\/div><div class=\"kc-elm kc-css-404615 kc_col-sm-2 kc_column kc_col-sm-2\"><div class=\"kc-col-container\"><div class=\"kc-elm kc-css-500506 kc-icon-wrapper\">\n\t\t<a href=\"https:\/\/www.linkedin.com\/authwall?trk=gf&amp;trkInfo=AQFVyHIrNh1T6QAAAXLGzw6w9UgRWKz0EuBJxKgtZEWqDk-9Xzw8VhatGqlgLdAlI6mmSmf8OqRtOMIBLY_N39BXNl_3UQUg-RcMNlcbIXqihVi3U_o-1gjAchgiXIAeSHBoQaU=&amp;originalReferer=https:\/\/audionightevent.ch\/&amp;sessionRedirect=https:\/\/www.linkedin.com\/in\/paolo-meli-13031017b\/\" target=\"_blank\" title=\"\">\n\t\t<i class=\"fab-linkedin\"><\/i>\n\t\t<\/a>\n\t<\/div>\n<\/div><\/div><\/div><\/div><\/section><section class=\"kc-elm kc-css-164700 kc_row\"><div class=\"kc-row-container  kc-container\"><div class=\"kc-wrap-columns\"><div class=\"kc-elm kc-css-366615 kc_col-sm-12 kc_column kc_col-sm-12\"><div class=\"kc-col-container\"><div class=\"kc-elm kc-css-37448\" style=\"height: 20px; clear: both; width:100%;\"><\/div><\/div><\/div><\/div><\/div><\/section><\/p>\n","protected":false},"excerpt":{"rendered":"","protected":false},"author":1,"featured_media":0,"parent":0,"menu_order":0,"comment_status":"closed","ping_status":"closed","template":"","meta":{"_seopress_robots_primary_cat":"","_seopress_titles_title":"","_seopress_titles_desc":"","_seopress_robots_index":"","footnotes":""},"class_list":["post-134","page","type-page","status-publish","hentry"],"yoast_head":"<!-- This site is optimized with the Yoast SEO plugin v24.9 - https:\/\/yoast.com\/wordpress\/plugins\/seo\/ -->\n<title>HOME SERVICES - Audio Night Event<\/title>\n<meta name=\"robots\" content=\"index, follow, max-snippet:-1, max-image-preview:large, max-video-preview:-1\" \/>\n<link rel=\"canonical\" href=\"https:\/\/audionightevent.ch\/index.php\/home-services\/\" \/>\n<meta property=\"og:locale\" content=\"de_DE\" \/>\n<meta property=\"og:type\" content=\"article\" \/>\n<meta property=\"og:title\" content=\"HOME SERVICES - Audio Night Event\" \/>\n<meta property=\"og:description\" content=\"AUDIO NIGHT EVENT assure les prestations de services en sonorisation, \u00e9clairage, vid\u00e9o, animation, DJ, musiciens et autres activit\u00e9s de l\u2019\u00e9v\u00e9nementiel. [&hellip;]\" \/>\n<meta property=\"og:url\" content=\"https:\/\/audionightevent.ch\/index.php\/home-services\/\" \/>\n<meta property=\"og:site_name\" content=\"Audio Night Event\" \/>\n<meta property=\"article:publisher\" content=\"https:\/\/www.facebook.com\/AUDIONIGHTEVENT\/notifications\/\" \/>\n<meta property=\"article:modified_time\" content=\"2020-08-27T03:18:20+00:00\" \/>\n<meta property=\"og:image\" content=\"https:\/\/audionightevent.ch\/wp-content\/uploads\/2020\/06\/services.png\" \/>\n<meta name=\"twitter:card\" content=\"summary_large_image\" \/>\n<script type=\"application\/ld+json\" class=\"yoast-schema-graph\">{\"@context\":\"https:\/\/schema.org\",\"@graph\":[{\"@type\":\"WebPage\",\"@id\":\"https:\/\/audionightevent.ch\/index.php\/home-services\/\",\"url\":\"https:\/\/audionightevent.ch\/index.php\/home-services\/\",\"name\":\"HOME SERVICES - Audio Night Event\",\"isPartOf\":{\"@id\":\"https:\/\/audionightevent.ch\/#website\"},\"primaryImageOfPage\":{\"@id\":\"https:\/\/audionightevent.ch\/index.php\/home-services\/#primaryimage\"},\"image\":{\"@id\":\"https:\/\/audionightevent.ch\/index.php\/home-services\/#primaryimage\"},\"thumbnailUrl\":\"https:\/\/audionightevent.ch\/wp-content\/uploads\/2020\/06\/services.png\",\"datePublished\":\"2020-06-14T08:57:12+00:00\",\"dateModified\":\"2020-08-27T03:18:20+00:00\",\"breadcrumb\":{\"@id\":\"https:\/\/audionightevent.ch\/index.php\/home-services\/#breadcrumb\"},\"inLanguage\":\"de-CH\",\"potentialAction\":[{\"@type\":\"ReadAction\",\"target\":[\"https:\/\/audionightevent.ch\/index.php\/home-services\/\"]}]},{\"@type\":\"ImageObject\",\"inLanguage\":\"de-CH\",\"@id\":\"https:\/\/audionightevent.ch\/index.php\/home-services\/#primaryimage\",\"url\":\"https:\/\/audionightevent.ch\/wp-content\/uploads\/2020\/06\/services.png\",\"contentUrl\":\"https:\/\/audionightevent.ch\/wp-content\/uploads\/2020\/06\/services.png\",\"width\":600,\"height\":450,\"caption\":\"www.audionight.ch\"},{\"@type\":\"BreadcrumbList\",\"@id\":\"https:\/\/audionightevent.ch\/index.php\/home-services\/#breadcrumb\",\"itemListElement\":[{\"@type\":\"ListItem\",\"position\":1,\"name\":\"Home\",\"item\":\"https:\/\/audionightevent.ch\/\"},{\"@type\":\"ListItem\",\"position\":2,\"name\":\"HOME SERVICES\"}]},{\"@type\":\"WebSite\",\"@id\":\"https:\/\/audionightevent.ch\/#website\",\"url\":\"https:\/\/audionightevent.ch\/\",\"name\":\"Audio Night Event\",\"description\":\"Dj, Light und Sound System\",\"potentialAction\":[{\"@type\":\"SearchAction\",\"target\":{\"@type\":\"EntryPoint\",\"urlTemplate\":\"https:\/\/audionightevent.ch\/?s={search_term_string}\"},\"query-input\":{\"@type\":\"PropertyValueSpecification\",\"valueRequired\":true,\"valueName\":\"search_term_string\"}}],\"inLanguage\":\"de-CH\"}]}<\/script>\n<!-- \/ Yoast SEO plugin. -->","yoast_head_json":{"title":"HOME SERVICES - Audio Night Event","robots":{"index":"index","follow":"follow","max-snippet":"max-snippet:-1","max-image-preview":"max-image-preview:large","max-video-preview":"max-video-preview:-1"},"canonical":"https:\/\/audionightevent.ch\/index.php\/home-services\/","og_locale":"de_DE","og_type":"article","og_title":"HOME SERVICES - Audio Night Event","og_description":"AUDIO NIGHT EVENT assure les prestations de services en sonorisation, \u00e9clairage, vid\u00e9o, animation, DJ, musiciens et autres activit\u00e9s de l\u2019\u00e9v\u00e9nementiel. [&hellip;]","og_url":"https:\/\/audionightevent.ch\/index.php\/home-services\/","og_site_name":"Audio Night Event","article_publisher":"https:\/\/www.facebook.com\/AUDIONIGHTEVENT\/notifications\/","article_modified_time":"2020-08-27T03:18:20+00:00","og_image":[{"url":"https:\/\/audionightevent.ch\/wp-content\/uploads\/2020\/06\/services.png","type":"","width":"","height":""}],"twitter_card":"summary_large_image","schema":{"@context":"https:\/\/schema.org","@graph":[{"@type":"WebPage","@id":"https:\/\/audionightevent.ch\/index.php\/home-services\/","url":"https:\/\/audionightevent.ch\/index.php\/home-services\/","name":"HOME SERVICES - Audio Night Event","isPartOf":{"@id":"https:\/\/audionightevent.ch\/#website"},"primaryImageOfPage":{"@id":"https:\/\/audionightevent.ch\/index.php\/home-services\/#primaryimage"},"image":{"@id":"https:\/\/audionightevent.ch\/index.php\/home-services\/#primaryimage"},"thumbnailUrl":"https:\/\/audionightevent.ch\/wp-content\/uploads\/2020\/06\/services.png","datePublished":"2020-06-14T08:57:12+00:00","dateModified":"2020-08-27T03:18:20+00:00","breadcrumb":{"@id":"https:\/\/audionightevent.ch\/index.php\/home-services\/#breadcrumb"},"inLanguage":"de-CH","potentialAction":[{"@type":"ReadAction","target":["https:\/\/audionightevent.ch\/index.php\/home-services\/"]}]},{"@type":"ImageObject","inLanguage":"de-CH","@id":"https:\/\/audionightevent.ch\/index.php\/home-services\/#primaryimage","url":"https:\/\/audionightevent.ch\/wp-content\/uploads\/2020\/06\/services.png","contentUrl":"https:\/\/audionightevent.ch\/wp-content\/uploads\/2020\/06\/services.png","width":600,"height":450,"caption":"www.audionight.ch"},{"@type":"BreadcrumbList","@id":"https:\/\/audionightevent.ch\/index.php\/home-services\/#breadcrumb","itemListElement":[{"@type":"ListItem","position":1,"name":"Home","item":"https:\/\/audionightevent.ch\/"},{"@type":"ListItem","position":2,"name":"HOME SERVICES"}]},{"@type":"WebSite","@id":"https:\/\/audionightevent.ch\/#website","url":"https:\/\/audionightevent.ch\/","name":"Audio Night Event","description":"Dj, Light und Sound System","potentialAction":[{"@type":"SearchAction","target":{"@type":"EntryPoint","urlTemplate":"https:\/\/audionightevent.ch\/?s={search_term_string}"},"query-input":{"@type":"PropertyValueSpecification","valueRequired":true,"valueName":"search_term_string"}}],"inLanguage":"de-CH"}]}},"jetpack_sharing_enabled":true,"_links":{"self":[{"href":"https:\/\/audionightevent.ch\/index.php\/wp-json\/wp\/v2\/pages\/134","targetHints":{"allow":["GET"]}}],"collection":[{"href":"https:\/\/audionightevent.ch\/index.php\/wp-json\/wp\/v2\/pages"}],"about":[{"href":"https:\/\/audionightevent.ch\/index.php\/wp-json\/wp\/v2\/types\/page"}],"author":[{"embeddable":true,"href":"https:\/\/audionightevent.ch\/index.php\/wp-json\/wp\/v2\/users\/1"}],"replies":[{"embeddable":true,"href":"https:\/\/audionightevent.ch\/index.php\/wp-json\/wp\/v2\/comments?post=134"}],"version-history":[{"count":25,"href":"https:\/\/audionightevent.ch\/index.php\/wp-json\/wp\/v2\/pages\/134\/revisions"}],"predecessor-version":[{"id":176,"href":"https:\/\/audionightevent.ch\/index.php\/wp-json\/wp\/v2\/pages\/134\/revisions\/176"}],"wp:attachment":[{"href":"https:\/\/audionightevent.ch\/index.php\/wp-json\/wp\/v2\/media?parent=134"}],"curies":[{"name":"wp","href":"https:\/\/api.w.org\/{rel}","templated":true}]}}