{"id":180,"date":"2020-06-14T09:49:51","date_gmt":"2020-06-14T09:49:51","guid":{"rendered":"https:\/\/audionightevent.ch\/?page_id=180"},"modified":"2020-06-18T11:52:03","modified_gmt":"2020-06-18T11:52:03","slug":"location-installation","status":"publish","type":"page","link":"https:\/\/audionightevent.ch\/index.php\/location-installation\/","title":{"rendered":"LOCATION &#038; INSTALLATION"},"content":{"rendered":"<p><section class=\"kc-elm kc-css-834591 kc_row\"><div class=\"kc-row-container  kc-container\"><div class=\"kc-wrap-columns\"><div class=\"kc-elm kc-css-844830 kc_col-sm-12 kc_column kc_col-sm-12\"><div class=\"kc-col-container\"><div class=\"kc-elm kc-css-631517 kc_text_block\"><\/p>\n<p style=\"text-align: center;\">Nous proposons un service de la location de sonorisation, \u00e9clairage, structure temporaire et \u00e9quipement DJavec possibilit\u00e9 de transport et installation du mat\u00e9riel.<\/p>\n<p style=\"text-align: center;\">Que se soit pour une simple location de mat\u00e9riel ou pour la gestion int\u00e9grale d\u2019un \u00e9v\u00e9nement, nous sommes \u00e9quip\u00e9 pour r\u00e9pondre instantan\u00e9ment \u00e0 toutes vos requ\u00eates.<\/p>\n<p style=\"text-align: center;\">AUDIO NIGHT EVENT met \u00e9galement \u00e0 disposition ses comp\u00e9tences pour des installations fixes telles que des parquets de danse, salles de conf\u00e9rence\/ concert\/ communale, bars, restaurants, discoth\u00e8ques.<\/p>\n<p style=\"text-align: center;\">Nous mettons tout en \u0153uvre pour satisfaire vos exigences et vous offrir des produits \u00e0 la pointe de la technologie, tout en garantissant un parfait contr\u00f4le budg\u00e9taire.<\/p>\n<p>\n<\/div><\/div><\/div><\/div><\/div><\/section><section class=\"kc-elm kc-css-272971 kc_row\"><div class=\"kc-row-container  kc-container\"><div class=\"kc-wrap-columns\"><div class=\"kc-elm kc-css-290759 kc_col-sm-12 kc_column kc_col-sm-12\"><div class=\"kc-col-container\"><div class=\"kc-elm kc-css-745208\" style=\"height: 49px; clear: both; width:100%;\"><\/div><\/div><\/div><\/div><\/div><\/section><section class=\"kc-elm kc-css-799389 kc_row\"><div class=\"kc-row-container  kc-container\"><div class=\"kc-wrap-columns\"><div class=\"kc-elm kc-css-591139 kc_col-sm-4 kc_column kc_col-sm-4\"><div class=\"kc-col-container\"><div class=\"kc-elm kc-css-285730 kc-feature-boxes kc-fb-layout-2\">\n\n\t<figure class=\"content-image\"><img decoding=\"async\" src=\"https:\/\/audionightevent.ch\/wp-content\/uploads\/2020\/06\/location.png\" alt=\"www.audionight.ch\"><\/figure>\n<\/div>\n<\/div><\/div><div class=\"kc-elm kc-css-318797 kc_col-sm-4 kc_column kc_col-sm-4\"><div class=\"kc-col-container\"><div class=\"kc-elm kc-css-862004 kc-feature-boxes kc-fb-layout-2\">\n\n\t<figure class=\"content-image\"><img decoding=\"async\" src=\"https:\/\/audionightevent.ch\/wp-content\/uploads\/2020\/06\/location_2.png\" alt=\"www.audionight.ch\"><\/figure>\n<\/div>\n<\/div><\/div><div class=\"kc-elm kc-css-313256 kc_col-sm-4 kc_column kc_col-sm-4\"><div class=\"kc-col-container\"><div class=\"kc-elm kc-css-708369 kc-feature-boxes kc-fb-layout-2\">\n\n\t<figure class=\"content-image\"><img decoding=\"async\" src=\"https:\/\/audionightevent.ch\/wp-content\/uploads\/2020\/06\/location_3.png\" alt=\"www.audionight.ch\"><\/figure>\n<\/div>\n<\/div><\/div><\/div><\/div><\/section><section class=\"kc-elm kc-css-239698 kc_row\"><div class=\"kc-row-container  kc-container\"><div class=\"kc-wrap-columns\"><div class=\"kc-elm kc-css-758668 kc_col-sm-12 kc_column kc_col-sm-12\"><div class=\"kc-col-container\"><div class=\"kc-elm kc-css-745548\" style=\"height: 65px; clear: both; width:100%;\"><\/div><\/div><\/div><\/div><\/div><\/section><section class=\"kc-elm kc-css-350501 kc_row\"><div class=\"kc-row-container  kc-container\"><div class=\"kc-wrap-columns\"><div class=\"kc-elm kc-css-666272 kc_col-sm-2 kc_column kc_col-sm-2\"><div class=\"kc-col-container\"><div class=\"kc-elm kc-css-183116 kc-icon-wrapper\">\n\t\t<a href=\"https:\/\/www.facebook.com\/AUDIONIGHTEVENT\/\" target=\"_blank\" title=\"\">\n\t\t<i class=\"fab-facebook\"><\/i>\n\t\t<\/a>\n\t<\/div>\n<\/div><\/div><div class=\"kc-elm kc-css-913481 kc_col-sm-2 kc_column kc_col-sm-2\"><div class=\"kc-col-container\"><div class=\"kc-elm kc-css-231796 kc-icon-wrapper\">\n\t\t<a href=\"https:\/\/soundcloud.com\/paolomeli90\" target=\"_blank\" title=\"\">\n\t\t<i class=\"fab-soundcloud\"><\/i>\n\t\t<\/a>\n\t<\/div>\n<\/div><\/div><div class=\"kc-elm kc-css-489876 kc_col-sm-2 kc_column kc_col-sm-2\"><div class=\"kc-col-container\"><div class=\"kc-elm kc-css-454643 kc-icon-wrapper\">\n\t\t<a href=\"https:\/\/www.instagram.com\/audio_night_event\/?igshid=10738md6nzdpi\" target=\"_blank\" title=\"\">\n\t\t<i class=\"fab-instagram\"><\/i>\n\t\t<\/a>\n\t<\/div>\n<\/div><\/div><div class=\"kc-elm kc-css-909606 kc_col-sm-2 kc_column kc_col-sm-2\"><div class=\"kc-col-container\"><div class=\"kc-elm kc-css-601686 kc-icon-wrapper\">\n\t\t<a href=\"https:\/\/www.youtube.com\/channel\/UCALOThu-EoZ8Cv1yDgUE7WQ\" target=\"_blank\" title=\"\">\n\t\t<i class=\"fab-youtube\"><\/i>\n\t\t<\/a>\n\t<\/div>\n<\/div><\/div><div class=\"kc-elm kc-css-508344 kc_col-sm-2 kc_column kc_col-sm-2\"><div class=\"kc-col-container\"><div class=\"kc-elm kc-css-593486 kc-icon-wrapper\">\n\t\t<a href=\"https:\/\/www.mixcloud.com\/paolo-meli\/\" target=\"_blank\" title=\"\">\n\t\t<i class=\"fab-mixcloud\"><\/i>\n\t\t<\/a>\n\t<\/div>\n<\/div><\/div><div class=\"kc-elm kc-css-887882 kc_col-sm-2 kc_column kc_col-sm-2\"><div class=\"kc-col-container\"><div class=\"kc-elm kc-css-793640 kc-icon-wrapper\">\n\t\t<a href=\"https:\/\/www.linkedin.com\/authwall?trk=gf&amp;trkInfo=AQFVyHIrNh1T6QAAAXLGzw6w9UgRWKz0EuBJxKgtZEWqDk-9Xzw8VhatGqlgLdAlI6mmSmf8OqRtOMIBLY_N39BXNl_3UQUg-RcMNlcbIXqihVi3U_o-1gjAchgiXIAeSHBoQaU=&amp;originalReferer=https:\/\/audionightevent.ch\/&amp;sessionRedirect=https:\/\/www.linkedin.com\/in\/paolo-meli-13031017b\/\" target=\"_blank\" title=\"\">\n\t\t<i class=\"fab-linkedin\"><\/i>\n\t\t<\/a>\n\t<\/div>\n<\/div><\/div><\/div><\/div><\/section><section class=\"kc-elm kc-css-68546 kc_row\"><div class=\"kc-row-container  kc-container\"><div class=\"kc-wrap-columns\"><div class=\"kc-elm kc-css-235313 kc_col-sm-12 kc_column kc_col-sm-12\"><div class=\"kc-col-container\"><div class=\"kc-elm kc-css-488191\" style=\"height: 20px; clear: both; width:100%;\"><\/div><\/div><\/div><\/div><\/div><\/section><\/p>\n","protected":false},"excerpt":{"rendered":"","protected":false},"author":1,"featured_media":0,"parent":0,"menu_order":0,"comment_status":"closed","ping_status":"closed","template":"","meta":{"_seopress_robots_primary_cat":"","_seopress_titles_title":"","_seopress_titles_desc":"","_seopress_robots_index":"","footnotes":""},"class_list":["post-180","page","type-page","status-publish","hentry"],"yoast_head":"<!-- This site is optimized with the Yoast SEO plugin v24.9 - https:\/\/yoast.com\/wordpress\/plugins\/seo\/ -->\n<title>LOCATION &amp; INSTALLATION - Audio Night Event<\/title>\n<meta name=\"robots\" content=\"index, follow, max-snippet:-1, max-image-preview:large, max-video-preview:-1\" \/>\n<link rel=\"canonical\" href=\"https:\/\/audionightevent.ch\/index.php\/location-installation\/\" \/>\n<meta property=\"og:locale\" content=\"de_DE\" \/>\n<meta property=\"og:type\" content=\"article\" \/>\n<meta property=\"og:title\" content=\"LOCATION &amp; INSTALLATION - Audio Night Event\" \/>\n<meta property=\"og:description\" content=\"Nous proposons un service de la location de sonorisation, \u00e9clairage, structure temporaire et \u00e9quipement DJavec possibilit\u00e9 de transport et installation [&hellip;]\" \/>\n<meta property=\"og:url\" content=\"https:\/\/audionightevent.ch\/index.php\/location-installation\/\" \/>\n<meta property=\"og:site_name\" content=\"Audio Night Event\" \/>\n<meta property=\"article:publisher\" content=\"https:\/\/www.facebook.com\/AUDIONIGHTEVENT\/notifications\/\" \/>\n<meta property=\"article:modified_time\" content=\"2020-06-18T11:52:03+00:00\" \/>\n<meta property=\"og:image\" content=\"https:\/\/audionightevent.ch\/wp-content\/uploads\/2020\/06\/location.png\" \/>\n<meta name=\"twitter:card\" content=\"summary_large_image\" \/>\n<meta name=\"twitter:label1\" content=\"Gesch\u00e4tzte Lesezeit\" \/>\n\t<meta name=\"twitter:data1\" content=\"1\u00a0Minute\" \/>\n<script type=\"application\/ld+json\" class=\"yoast-schema-graph\">{\"@context\":\"https:\/\/schema.org\",\"@graph\":[{\"@type\":\"WebPage\",\"@id\":\"https:\/\/audionightevent.ch\/index.php\/location-installation\/\",\"url\":\"https:\/\/audionightevent.ch\/index.php\/location-installation\/\",\"name\":\"LOCATION & INSTALLATION - Audio Night Event\",\"isPartOf\":{\"@id\":\"https:\/\/audionightevent.ch\/#website\"},\"primaryImageOfPage\":{\"@id\":\"https:\/\/audionightevent.ch\/index.php\/location-installation\/#primaryimage\"},\"image\":{\"@id\":\"https:\/\/audionightevent.ch\/index.php\/location-installation\/#primaryimage\"},\"thumbnailUrl\":\"https:\/\/audionightevent.ch\/wp-content\/uploads\/2020\/06\/location.png\",\"datePublished\":\"2020-06-14T09:49:51+00:00\",\"dateModified\":\"2020-06-18T11:52:03+00:00\",\"breadcrumb\":{\"@id\":\"https:\/\/audionightevent.ch\/index.php\/location-installation\/#breadcrumb\"},\"inLanguage\":\"de-CH\",\"potentialAction\":[{\"@type\":\"ReadAction\",\"target\":[\"https:\/\/audionightevent.ch\/index.php\/location-installation\/\"]}]},{\"@type\":\"ImageObject\",\"inLanguage\":\"de-CH\",\"@id\":\"https:\/\/audionightevent.ch\/index.php\/location-installation\/#primaryimage\",\"url\":\"https:\/\/audionightevent.ch\/wp-content\/uploads\/2020\/06\/location.png\",\"contentUrl\":\"https:\/\/audionightevent.ch\/wp-content\/uploads\/2020\/06\/location.png\",\"width\":600,\"height\":450,\"caption\":\"www.audionight.ch\"},{\"@type\":\"BreadcrumbList\",\"@id\":\"https:\/\/audionightevent.ch\/index.php\/location-installation\/#breadcrumb\",\"itemListElement\":[{\"@type\":\"ListItem\",\"position\":1,\"name\":\"Home\",\"item\":\"https:\/\/audionightevent.ch\/\"},{\"@type\":\"ListItem\",\"position\":2,\"name\":\"LOCATION &#038; INSTALLATION\"}]},{\"@type\":\"WebSite\",\"@id\":\"https:\/\/audionightevent.ch\/#website\",\"url\":\"https:\/\/audionightevent.ch\/\",\"name\":\"Audio Night Event\",\"description\":\"Dj, Light und Sound System\",\"potentialAction\":[{\"@type\":\"SearchAction\",\"target\":{\"@type\":\"EntryPoint\",\"urlTemplate\":\"https:\/\/audionightevent.ch\/?s={search_term_string}\"},\"query-input\":{\"@type\":\"PropertyValueSpecification\",\"valueRequired\":true,\"valueName\":\"search_term_string\"}}],\"inLanguage\":\"de-CH\"}]}<\/script>\n<!-- \/ Yoast SEO plugin. -->","yoast_head_json":{"title":"LOCATION & INSTALLATION - Audio Night Event","robots":{"index":"index","follow":"follow","max-snippet":"max-snippet:-1","max-image-preview":"max-image-preview:large","max-video-preview":"max-video-preview:-1"},"canonical":"https:\/\/audionightevent.ch\/index.php\/location-installation\/","og_locale":"de_DE","og_type":"article","og_title":"LOCATION & INSTALLATION - Audio Night Event","og_description":"Nous proposons un service de la location de sonorisation, \u00e9clairage, structure temporaire et \u00e9quipement DJavec possibilit\u00e9 de transport et installation [&hellip;]","og_url":"https:\/\/audionightevent.ch\/index.php\/location-installation\/","og_site_name":"Audio Night Event","article_publisher":"https:\/\/www.facebook.com\/AUDIONIGHTEVENT\/notifications\/","article_modified_time":"2020-06-18T11:52:03+00:00","og_image":[{"url":"https:\/\/audionightevent.ch\/wp-content\/uploads\/2020\/06\/location.png","type":"","width":"","height":""}],"twitter_card":"summary_large_image","twitter_misc":{"Gesch\u00e4tzte Lesezeit":"1\u00a0Minute"},"schema":{"@context":"https:\/\/schema.org","@graph":[{"@type":"WebPage","@id":"https:\/\/audionightevent.ch\/index.php\/location-installation\/","url":"https:\/\/audionightevent.ch\/index.php\/location-installation\/","name":"LOCATION & INSTALLATION - Audio Night Event","isPartOf":{"@id":"https:\/\/audionightevent.ch\/#website"},"primaryImageOfPage":{"@id":"https:\/\/audionightevent.ch\/index.php\/location-installation\/#primaryimage"},"image":{"@id":"https:\/\/audionightevent.ch\/index.php\/location-installation\/#primaryimage"},"thumbnailUrl":"https:\/\/audionightevent.ch\/wp-content\/uploads\/2020\/06\/location.png","datePublished":"2020-06-14T09:49:51+00:00","dateModified":"2020-06-18T11:52:03+00:00","breadcrumb":{"@id":"https:\/\/audionightevent.ch\/index.php\/location-installation\/#breadcrumb"},"inLanguage":"de-CH","potentialAction":[{"@type":"ReadAction","target":["https:\/\/audionightevent.ch\/index.php\/location-installation\/"]}]},{"@type":"ImageObject","inLanguage":"de-CH","@id":"https:\/\/audionightevent.ch\/index.php\/location-installation\/#primaryimage","url":"https:\/\/audionightevent.ch\/wp-content\/uploads\/2020\/06\/location.png","contentUrl":"https:\/\/audionightevent.ch\/wp-content\/uploads\/2020\/06\/location.png","width":600,"height":450,"caption":"www.audionight.ch"},{"@type":"BreadcrumbList","@id":"https:\/\/audionightevent.ch\/index.php\/location-installation\/#breadcrumb","itemListElement":[{"@type":"ListItem","position":1,"name":"Home","item":"https:\/\/audionightevent.ch\/"},{"@type":"ListItem","position":2,"name":"LOCATION &#038; INSTALLATION"}]},{"@type":"WebSite","@id":"https:\/\/audionightevent.ch\/#website","url":"https:\/\/audionightevent.ch\/","name":"Audio Night Event","description":"Dj, Light und Sound System","potentialAction":[{"@type":"SearchAction","target":{"@type":"EntryPoint","urlTemplate":"https:\/\/audionightevent.ch\/?s={search_term_string}"},"query-input":{"@type":"PropertyValueSpecification","valueRequired":true,"valueName":"search_term_string"}}],"inLanguage":"de-CH"}]}},"jetpack_sharing_enabled":true,"_links":{"self":[{"href":"https:\/\/audionightevent.ch\/index.php\/wp-json\/wp\/v2\/pages\/180","targetHints":{"allow":["GET"]}}],"collection":[{"href":"https:\/\/audionightevent.ch\/index.php\/wp-json\/wp\/v2\/pages"}],"about":[{"href":"https:\/\/audionightevent.ch\/index.php\/wp-json\/wp\/v2\/types\/page"}],"author":[{"embeddable":true,"href":"https:\/\/audionightevent.ch\/index.php\/wp-json\/wp\/v2\/users\/1"}],"replies":[{"embeddable":true,"href":"https:\/\/audionightevent.ch\/index.php\/wp-json\/wp\/v2\/comments?post=180"}],"version-history":[{"count":19,"href":"https:\/\/audionightevent.ch\/index.php\/wp-json\/wp\/v2\/pages\/180\/revisions"}],"predecessor-version":[{"id":465,"href":"https:\/\/audionightevent.ch\/index.php\/wp-json\/wp\/v2\/pages\/180\/revisions\/465"}],"wp:attachment":[{"href":"https:\/\/audionightevent.ch\/index.php\/wp-json\/wp\/v2\/media?parent=180"}],"curies":[{"name":"wp","href":"https:\/\/api.w.org\/{rel}","templated":true}]}}